{"id":471,"date":"2022-06-28T10:30:17","date_gmt":"2022-06-28T10:30:17","guid":{"rendered":"https:\/\/www.kutyatarpanzio.hu\/?page_id=471"},"modified":"2022-08-24T09:18:40","modified_gmt":"2022-08-24T09:18:40","slug":"training-and-socializing","status":"publish","type":"page","link":"https:\/\/www.kutyatarpanzio.hu\/en\/training-and-socializing\/","title":{"rendered":"Training and socializing"},"content":{"rendered":"<p>[et_pb_section fb_built=&#8221;1&#8243; admin_label=&#8221;Header&#8221; _builder_version=&#8221;4.17.4&#8243; _module_preset=&#8221;default&#8221; background_color=&#8221;#FCF5ED&#8221; background_enable_image=&#8221;off&#8221; overflow-x=&#8221;hidden&#8221; overflow-y=&#8221;hidden&#8221; custom_padding=&#8221;||20px||false|false&#8221; global_colors_info=&#8221;{}&#8221;][et_pb_row _builder_version=&#8221;4.17.4&#8243; _module_preset=&#8221;default&#8221; global_colors_info=&#8221;{}&#8221;][et_pb_column type=&#8221;4_4&#8243; _builder_version=&#8221;4.17.4&#8243; _module_preset=&#8221;default&#8221; custom_padding=&#8221;||||false|false&#8221; custom_padding_tablet=&#8221;0px||||false|false&#8221; custom_padding_last_edited=&#8221;off|desktop&#8221; global_colors_info=&#8221;{}&#8221;][et_pb_text _builder_version=&#8221;4.17.4&#8243; _module_preset=&#8221;default&#8221; header_font=&#8221;|600|||||||&#8221; header_text_align=&#8221;center&#8221; header_line_height=&#8221;1.4em&#8221; global_colors_info=&#8221;{}&#8221;]<\/p>\n<h1>Training and socializing<\/h1>\n<p>[\/et_pb_text][et_pb_text _builder_version=&#8221;4.17.4&#8243; _module_preset=&#8221;default&#8221; hover_enabled=&#8221;0&#8243; global_colors_info=&#8221;{}&#8221; sticky_enabled=&#8221;0&#8243;]<\/p>\n<p>There are no regular courses, however, you can ask for help via individual courses, if your dog needs to be socialized, if you are dealing with smaller behavioral issues, or if you need a bit of help with harmonizing your coexistence. We would like to draw attention to the importance of socializing during puppyhood. If your puppy frequents our daycare, we will contribute to him\/her becoming a well socialized, communicative adult.<\/p>\n<p>Organizing seminars and camps are among our short and long term goals. Later, once our seminar room is ready, you will be able to participate in professional seminars in various topics.<br \/>If you need a grooming for your dog, pls. call our dog groomer, Bokor, Nikol. It is nice to have a clean buddy up on arrival.<\/p>\n<p>[\/et_pb_text][et_pb_button button_url=&#8221;@ET-DC@eyJkeW5hbWljIjp0cnVlLCJjb250ZW50IjoicG9zdF9saW5rX3VybF9wYWdlIiwic2V0dGluZ3MiOnsicG9zdF9pZCI6IjE3In19@&#8221; button_text=&#8221;Contact&#8221; button_alignment=&#8221;center&#8221; _builder_version=&#8221;4.17.4&#8243; _dynamic_attributes=&#8221;button_url&#8221; _module_preset=&#8221;default&#8221; global_colors_info=&#8221;{}&#8221;][\/et_pb_button][et_pb_gallery gallery_ids=&#8221;375,376,377,378,379,380,381,382,383&#8243; posts_number=&#8221;99&#8243; show_title_and_caption=&#8221;off&#8221; _builder_version=&#8221;4.17.4&#8243; _module_preset=&#8221;default&#8221; custom_padding=&#8221;40px||||false|false&#8221; global_colors_info=&#8221;{}&#8221;][\/et_pb_gallery][\/et_pb_column][\/et_pb_row][\/et_pb_section]<\/p>\n","protected":false},"excerpt":{"rendered":"<p>Training and socializingThere are no regular courses, however, you can ask for help via individual courses, if your dog needs to be socialized, if you are dealing with smaller behavioral issues, or if you need a bit of help with harmonizing your coexistence. We would like to draw attention to the importance of socializing during [&hellip;]<\/p>\n","protected":false},"author":1,"featured_media":0,"parent":0,"menu_order":0,"comment_status":"closed","ping_status":"closed","template":"","meta":{"_et_pb_use_builder":"on","_et_pb_old_content":"<p>[et_pb_section fb_built=\"1\" admin_label=\"Header\" _builder_version=\"4.17.4\" _module_preset=\"default\" background_color=\"#FCF5ED\" background_enable_image=\"off\" overflow-x=\"hidden\" overflow-y=\"hidden\" custom_padding=\"||20px||false|false\" global_colors_info=\"{}\"][et_pb_row _builder_version=\"4.17.4\" _module_preset=\"default\" global_colors_info=\"{}\"][et_pb_column type=\"4_4\" _builder_version=\"4.17.4\" _module_preset=\"default\" custom_padding=\"||||false|false\" custom_padding_tablet=\"0px||||false|false\" custom_padding_last_edited=\"off|desktop\" global_colors_info=\"{}\"][et_pb_text _builder_version=\"4.17.4\" _module_preset=\"default\" header_font=\"|600|||||||\" header_text_align=\"center\" header_line_height=\"1.4em\" global_colors_info=\"{}\"]<\/p><h1>Oktat\u00e1s, szocializ\u00e1ci\u00f3, kutyakozmetika<\/h1><p>[\/et_pb_text][et_pb_text _builder_version=\"4.17.4\" _module_preset=\"default\" global_colors_info=\"{}\"]<\/p><p>Rendszeres tanfolyami foglalkoz\u00e1sok jelenleg m\u00e9g nincsenek, de k\u00e9rhetsz seg\u00edts\u00e9get, ha a kuty\u00e1dat szocializ\u00e1lni kell, vagy kisebb viselked\u00e9sprobl\u00e9m\u00e1val k\u00fczd\u00f6t\u00f6k, esetleg az egy\u00fctt\u00e9l\u00e9setek nem harmonikus.<\/p><p>Egy\u00e9ni \u00f3r\u00e1k keret\u00e9ben tudunk seg\u00edts\u00e9get adni ahhoz, hogyan tudod a viszonyodat rendezni a kuty\u00e1ddal, \u00e9s hogyan tudsz harmonikusan egy\u00fctt \u00e9lni vele, hogy a mindennapi k\u00f6z\u00f6s \u00e9let ne okozzon frusztr\u00e1ci\u00f3t egyik\u0151t\u00f6knek sem. Egy\u00fcttm\u0171k\u00f6d\u0151 oktat\u00f3ink volt T\u00fck\u00f6r M\u00f3dszeres oktat\u00f3k, illetve a SciDog Kutyaegyetemen tanultak.<\/p><p>A Kutyat\u00e1rban, kutyakozmetikai szolg\u00e1ltat\u00e1s is el\u00e9rhet\u0151. H\u00edvd a kozmetikusunkat.<\/p><p>[\/et_pb_text][et_pb_button button_url=\"@ET-DC@eyJkeW5hbWljIjp0cnVlLCJjb250ZW50IjoicG9zdF9saW5rX3VybF9wYWdlIiwic2V0dGluZ3MiOnsicG9zdF9pZCI6IjE3In19@\" button_text=\"Kapcsolat\" button_alignment=\"center\" _builder_version=\"4.17.4\" _dynamic_attributes=\"button_url\" _module_preset=\"default\" global_colors_info=\"{}\"][\/et_pb_button][et_pb_gallery _builder_version=\"4.17.4\" _module_preset=\"default\" posts_number=\"99\" show_title_and_caption=\"off\" gallery_ids=\"375,376,377,378,379,380,381,382,383\" hover_enabled=\"0\" sticky_enabled=\"0\" custom_padding=\"40px||||false|false\"][\/et_pb_gallery][\/et_pb_column][\/et_pb_row][\/et_pb_section]<\/p>","_et_gb_content_width":"","footnotes":""},"class_list":["post-471","page","type-page","status-publish","hentry"],"_links":{"self":[{"href":"https:\/\/www.kutyatarpanzio.hu\/en\/wp-json\/wp\/v2\/pages\/471","targetHints":{"allow":["GET"]}}],"collection":[{"href":"https:\/\/www.kutyatarpanzio.hu\/en\/wp-json\/wp\/v2\/pages"}],"about":[{"href":"https:\/\/www.kutyatarpanzio.hu\/en\/wp-json\/wp\/v2\/types\/page"}],"author":[{"embeddable":true,"href":"https:\/\/www.kutyatarpanzio.hu\/en\/wp-json\/wp\/v2\/users\/1"}],"replies":[{"embeddable":true,"href":"https:\/\/www.kutyatarpanzio.hu\/en\/wp-json\/wp\/v2\/comments?post=471"}],"version-history":[{"count":4,"href":"https:\/\/www.kutyatarpanzio.hu\/en\/wp-json\/wp\/v2\/pages\/471\/revisions"}],"predecessor-version":[{"id":536,"href":"https:\/\/www.kutyatarpanzio.hu\/en\/wp-json\/wp\/v2\/pages\/471\/revisions\/536"}],"wp:attachment":[{"href":"https:\/\/www.kutyatarpanzio.hu\/en\/wp-json\/wp\/v2\/media?parent=471"}],"curies":[{"name":"wp","href":"https:\/\/api.w.org\/{rel}","templated":true}]}}