{"id":466,"date":"2022-06-28T10:30:26","date_gmt":"2022-06-28T10:30:26","guid":{"rendered":"https:\/\/www.kutyatarpanzio.hu\/?page_id=466"},"modified":"2026-04-16T09:06:15","modified_gmt":"2026-04-16T09:06:15","slug":"prices","status":"publish","type":"page","link":"https:\/\/www.kutyatarpanzio.hu\/en\/prices\/","title":{"rendered":"Prices"},"content":{"rendered":"<p>[et_pb_section fb_built=&#8221;1&#8243; admin_label=&#8221;Header&#8221; _builder_version=&#8221;4.17.4&#8243; _module_preset=&#8221;default&#8221; background_color=&#8221;#FCF5ED&#8221; background_enable_image=&#8221;off&#8221; overflow-x=&#8221;hidden&#8221; overflow-y=&#8221;hidden&#8221; custom_padding=&#8221;||20px||false|false&#8221; global_colors_info=&#8221;{}&#8221;][et_pb_row _builder_version=&#8221;4.17.4&#8243; _module_preset=&#8221;default&#8221; global_colors_info=&#8221;{}&#8221;][et_pb_column type=&#8221;4_4&#8243; _builder_version=&#8221;4.17.4&#8243; _module_preset=&#8221;default&#8221; custom_padding=&#8221;||||false|false&#8221; custom_padding_tablet=&#8221;0px||||false|false&#8221; custom_padding_last_edited=&#8221;off|desktop&#8221; global_colors_info=&#8221;{}&#8221;][et_pb_text _builder_version=&#8221;4.27.6&#8243; _module_preset=&#8221;default&#8221; header_font=&#8221;|600|||||||&#8221; header_text_align=&#8221;center&#8221; header_line_height=&#8221;1.4em&#8221; hover_enabled=&#8221;0&#8243; global_colors_info=&#8221;{}&#8221; sticky_enabled=&#8221;0&#8243;]<\/p>\n<h1><strong>PRICES from May 1st 2026<\/strong><\/h1>\n<p>[\/et_pb_text][et_pb_text _builder_version=&#8221;4.27.6&#8243; _module_preset=&#8221;default&#8221; header_2_line_height=&#8221;1.4em&#8221; hover_enabled=&#8221;0&#8243; global_colors_info=&#8221;{}&#8221; sticky_enabled=&#8221;0&#8243;]<\/p>\n<ul>\n<li><strong><u>DAYCARE<\/u><\/strong><u>:<\/u> 6,000ft\/day: 7:30 am-6pm (otherwise: 7,000ft)<\/li>\n<li><strong>daycare intact male<\/strong>: 7,000ft\/day 7:30 am-6pm <strong>(<\/strong>otherwise: 8,000ft) <br \/>(10+1 free pass is available)<\/li>\n<\/ul>\n<ul>\n<li><strong><u>HOTEL<\/u><\/strong>: 7,000ft\/day (no pass)<\/li>\n<\/ul>\n<ul>\n<li><strong>hotel, half day:<\/strong> 3,500ft<\/li>\n<\/ul>\n<ul>\n<li><strong>hotel, intact male<\/strong>: 8,000ft\/day (12 moths and more, with no hormon implant )<\/li>\n<\/ul>\n<ul>\n<li><strong>hotel, intact male, half day<\/strong>: 4,000ft<\/li>\n<\/ul>\n<p>&nbsp;<\/p>\n<ul>\n<li><strong>hotel 2 dogs:<\/strong> (if male, only nutered, and only for regular customers)<\/li>\n<\/ul>\n<ul>\n<li><strong>hotel, not socialized dog:<\/strong> 9,000ft\/day<\/li>\n<\/ul>\n<p>&nbsp;<\/p>\n<ul>\n<li><strong>hotel and daycare, Holidays: <\/strong>8,000ft\/day, intact male: 9,000ft\/nap<\/li>\n<\/ul>\n<p>&nbsp;<\/p>\n<ul>\n<li><strong>hotel and daycare,peak days<\/strong>: 10,000ft\/day<br \/>Christmas: december 24. 25. 26.<br \/>Good Friday, Easter Sunday and Easter Monday<br \/>New year\u2019s Eve: December31. and 1st of January<\/li>\n<\/ul>\n<p>&nbsp;<\/p>\n<ul>\n<li><strong>hotel monthly rate:<\/strong> 160,000ft\/dog<\/li>\n<li><strong>hotel, for foundations monthly rate<\/strong>: 100,000ft\/dog<\/li>\n<\/ul>\n<p>&nbsp;<\/p>\n<ul>\n<li><strong>hotel, additional cost:<\/strong> some treatments, ears, eyes,wounds and injuries, complicated medication: 500ft\/nap<\/li>\n<\/ul>\n<ul>\n<li><strong>additional costs:<\/strong> transportation for doctor\u2019s appointment, treatment: 1,000-3,000ft\/trip<\/li>\n<\/ul>\n<ul>\n<li><strong>other costs<\/strong>: dry food, basic medication, like bolus astringens, charcoal tablets, probiotics<\/li>\n<\/ul>\n<p>&nbsp;<\/p>\n<ul>\n<li><strong>availability\/outside business hours<\/strong>: 2,000-5,000 ft\/ occasion<\/li>\n<\/ul>\n<p>[\/et_pb_text][et_pb_button button_url=&#8221;@ET-DC@eyJkeW5hbWljIjp0cnVlLCJjb250ZW50IjoicG9zdF9saW5rX3VybF9wYWdlIiwic2V0dGluZ3MiOnsicG9zdF9pZCI6IjE3In19@&#8221; button_text=&#8221;Contact&#8221; button_alignment=&#8221;center&#8221; _builder_version=&#8221;4.17.4&#8243; _dynamic_attributes=&#8221;button_url&#8221; _module_preset=&#8221;default&#8221; global_colors_info=&#8221;{}&#8221;][\/et_pb_button][\/et_pb_column][\/et_pb_row][\/et_pb_section]<\/p>\n","protected":false},"excerpt":{"rendered":"<p>PRICES from May 1st 2026 DAYCARE: 6,000ft\/day: 7:30 am-6pm (otherwise: 7,000ft) daycare intact male: 7,000ft\/day 7:30 am-6pm (otherwise: 8,000ft) (10+1 free pass is available) HOTEL: 7,000ft\/day (no pass) hotel, half day: 3,500ft hotel, intact male: 8,000ft\/day (12 moths and more, with no hormon implant ) hotel, intact male, half day: 4,000ft &nbsp; hotel 2 dogs: [&hellip;]<\/p>\n","protected":false},"author":1,"featured_media":0,"parent":0,"menu_order":0,"comment_status":"closed","ping_status":"closed","template":"","meta":{"_et_pb_use_builder":"on","_et_pb_old_content":"<p>[et_pb_section fb_built=\"1\" admin_label=\"Header\" _builder_version=\"4.17.4\" _module_preset=\"default\" background_color=\"#FCF5ED\" background_enable_image=\"off\" overflow-x=\"hidden\" overflow-y=\"hidden\" custom_padding=\"||20px||false|false\" global_colors_info=\"{}\"][et_pb_row _builder_version=\"4.17.4\" _module_preset=\"default\" global_colors_info=\"{}\"][et_pb_column type=\"4_4\" _builder_version=\"4.17.4\" _module_preset=\"default\" custom_padding=\"||||false|false\" custom_padding_tablet=\"0px||||false|false\" custom_padding_last_edited=\"off|desktop\" global_colors_info=\"{}\"][et_pb_text _builder_version=\"4.17.4\" _module_preset=\"default\" header_font=\"|600|||||||\" header_text_align=\"center\" header_line_height=\"1.4em\" global_colors_info=\"{}\"]<\/p><h1>\u00c1rak, h\u00e1zirend<\/h1><p>[\/et_pb_text][et_pb_text _builder_version=\"4.17.4\" _module_preset=\"default\" header_2_text_align=\"center\" header_2_line_height=\"1.4em\" global_colors_info=\"{}\"]<\/p><h2>Nyitva tart\u00e1s: 7:30 - 19:30 ig, az \u00e9v minden napj\u00e1n.<\/h2><p>[\/et_pb_text][et_pb_text _builder_version=\"4.17.4\" _module_preset=\"default\" header_2_line_height=\"1.4em\" global_colors_info=\"{}\"]<\/p><h2>Amit k\u00e9r\u00fcnk t\u0151letek:<\/h2><ul><li>\u00e9rv\u00e9nyes olt\u00e1sok, (aj\u00e1nlott a kennel k\u00f6h\u00f6g\u00e9s elleni eg\u00e9sz \u00e9vben, de m\u00e1just\u00f3l novemberig k\u00f6telez\u0151) olt\u00e1si k\u00f6nyv, amit k\u00e9r\u00fcnk, hozzatok<\/li><li>\u00e9l\u0151sk\u00f6d\u0151k elleni v\u00e9delem legyen a kuty\u00e1n<\/li><li>a f\u00e9regtelen\u00edt\u00e9se rendben legyen a kuty\u00e1nak<\/li><li>\u00e9rkez\u00e9s: kiz\u00e1r\u00f3lag el\u0151zetes egyeztet\u00e9s alapj\u00e1n, vagy sz\u00e1ll\u00edt\u00e1s k\u00e9rhet\u0151 (t\u00e9r\u00edt\u00e9ses szolg\u00e1ltat\u00e1s)<\/li><li>t\u00e1voz\u00e1s: kiz\u00e1r\u00f3lag el\u0151zetes egyeztet\u00e9s alapj\u00e1n, vagy sz\u00e1ll\u00edt\u00e1s k\u00e9rhet\u0151 (t\u00e9r\u00edt\u00e9ses szolg\u00e1ltat\u00e1s)<\/li><li>el\u0151zetes megbesz\u00e9l\u00e9s alapj\u00e1n a kutya sz\u00fcks\u00e9ges felszerel\u00e9se: olt\u00e1si k\u00f6nyv, \u00e9tel, gy\u00f3gyszerek, egyedi ig\u00e9nyek<\/li><\/ul><p>[\/et_pb_text][et_pb_text _builder_version=\"4.17.4\" _module_preset=\"default\" header_2_line_height=\"1.4em\" hover_enabled=\"0\" global_colors_info=\"{}\" sticky_enabled=\"0\"]<\/p><h2>\u00c1raink: 2022<\/h2><ul><li>napk\u00f6zi: 4000 Ft\/alkalom id\u0151korl\u00e1ttal: 7:30-17-30 ig (ezen k\u00edv\u00fcl 4,500 Ft)<\/li><li>napk\u00f6zis b\u00e9rlet 10+1 alkalom, id\u0151korl\u00e1ttal: 40,000 Ft<\/li><li>napk\u00f6zis b\u00e9rlet: 10+1 alkalom, id\u0151korl\u00e1t n\u00e9lk\u00fcl: 45,000 Ft<\/li><li>napk\u00f6zi sz\u00e1ll\u00edt\u00e1ssal: 4,500 Ft\/alkalom (csak a k\u00f6rnyez\u0151 telep\u00fcl\u00e9sekr\u0151l, kedden \u00e9s cs\u00fct\u00f6rt\u00f6k\u00f6n)<\/li><li>panzi\u00f3: 4,500 Ft\/nap<br \/>(A panzi\u00f3ba 17 \u00f3r\u00e1ig lehet \u00e9rkezni, elvitelre a nyitvatart\u00e1si id\u0151n bel\u00fcl van lehet\u0151s\u00e9g. Illetve, ha reggel 10 \u00f3ra el\u0151tt t\u00e1vozik a kutya, az nem sz\u00e1m\u00edt megkezdett napnak.)<\/li><li>panzi\u00f3 \u00fcnnepnap: 6000 Ft\/nap, 2 kuty\u00e1sok eset\u00e9ben 5000 Ft\/kutya (a napt\u00e1rban a piros bet\u0171s \u00fcnnepnapok panzi\u00f3s d\u00edjai)<\/li><li>panzi\u00f3 + (j\u00faniust\u00f3l-okt\u00f3berig \u00e9rv\u00e9nyes): 5,500 Ft\/nap: a kuty\u00e1tok \u00faszik<\/li><li>panzi\u00f3 hossz\u00fat\u00e1v kedvezm\u00e9ny, havi d\u00edja: 100,000 Ft\/kutya<\/li><\/ul><p><strong><em>K\u00f6sz\u00f6nj\u00fck a bizalmat!<\/em><\/strong><\/p><p>[\/et_pb_text][et_pb_button button_url=\"@ET-DC@eyJkeW5hbWljIjp0cnVlLCJjb250ZW50IjoicG9zdF9saW5rX3VybF9wYWdlIiwic2V0dGluZ3MiOnsicG9zdF9pZCI6IjE3In19@\" button_text=\"Kapcsolat\" button_alignment=\"center\" _builder_version=\"4.17.4\" _dynamic_attributes=\"button_url\" _module_preset=\"default\" global_colors_info=\"{}\"][\/et_pb_button][\/et_pb_column][\/et_pb_row][\/et_pb_section]<\/p>","_et_gb_content_width":"","footnotes":""},"class_list":["post-466","page","type-page","status-publish","hentry"],"_links":{"self":[{"href":"https:\/\/www.kutyatarpanzio.hu\/en\/wp-json\/wp\/v2\/pages\/466","targetHints":{"allow":["GET"]}}],"collection":[{"href":"https:\/\/www.kutyatarpanzio.hu\/en\/wp-json\/wp\/v2\/pages"}],"about":[{"href":"https:\/\/www.kutyatarpanzio.hu\/en\/wp-json\/wp\/v2\/types\/page"}],"author":[{"embeddable":true,"href":"https:\/\/www.kutyatarpanzio.hu\/en\/wp-json\/wp\/v2\/users\/1"}],"replies":[{"embeddable":true,"href":"https:\/\/www.kutyatarpanzio.hu\/en\/wp-json\/wp\/v2\/comments?post=466"}],"version-history":[{"count":8,"href":"https:\/\/www.kutyatarpanzio.hu\/en\/wp-json\/wp\/v2\/pages\/466\/revisions"}],"predecessor-version":[{"id":998,"href":"https:\/\/www.kutyatarpanzio.hu\/en\/wp-json\/wp\/v2\/pages\/466\/revisions\/998"}],"wp:attachment":[{"href":"https:\/\/www.kutyatarpanzio.hu\/en\/wp-json\/wp\/v2\/media?parent=466"}],"curies":[{"name":"wp","href":"https:\/\/api.w.org\/{rel}","templated":true}]}}