{"id":461,"date":"2022-06-28T10:30:33","date_gmt":"2022-06-28T10:30:33","guid":{"rendered":"https:\/\/www.kutyatarpanzio.hu\/?page_id=461"},"modified":"2022-08-24T09:51:38","modified_gmt":"2022-08-24T09:51:38","slug":"contact","status":"publish","type":"page","link":"https:\/\/www.kutyatarpanzio.hu\/en\/contact\/","title":{"rendered":"Contact"},"content":{"rendered":"<p>[et_pb_section fb_built=&#8221;1&#8243; admin_label=&#8221;Header&#8221; _builder_version=&#8221;4.17.4&#8243; _module_preset=&#8221;default&#8221; background_color=&#8221;#FCF5ED&#8221; background_enable_image=&#8221;off&#8221; overflow-x=&#8221;hidden&#8221; overflow-y=&#8221;hidden&#8221; custom_padding=&#8221;||20px||false|false&#8221; global_colors_info=&#8221;{}&#8221;][et_pb_row column_structure=&#8221;1_2,1_2&#8243; _builder_version=&#8221;4.17.4&#8243; _module_preset=&#8221;default&#8221; global_colors_info=&#8221;{}&#8221;][et_pb_column type=&#8221;1_2&#8243; _builder_version=&#8221;4.17.4&#8243; _module_preset=&#8221;default&#8221; custom_padding=&#8221;||||false|false&#8221; custom_padding_tablet=&#8221;0px||||false|false&#8221; custom_padding_last_edited=&#8221;off|desktop&#8221; global_colors_info=&#8221;{}&#8221;][et_pb_text _builder_version=&#8221;4.17.4&#8243; _module_preset=&#8221;default&#8221; header_font=&#8221;|600|||||||&#8221; header_line_height=&#8221;1.4em&#8221; global_colors_info=&#8221;{}&#8221;]<\/p>\n<h1>Contact<\/h1>\n<p>[\/et_pb_text][et_pb_blurb title=&#8221;Nagy Adrienne &#8211; vocational trainer&#8221; use_icon=&#8221;on&#8221; font_icon=&#8221;&#xf007;||fa||900&#8243; icon_placement=&#8221;left&#8221; content_max_width=&#8221;100%&#8221; _builder_version=&#8221;4.17.4&#8243; _module_preset=&#8221;default&#8221; header_font=&#8221;|600|||||||&#8221; global_colors_info=&#8221;{}&#8221;]<a href=\"tel:+36703618262\">0670 3618262<\/a><br \/>\n<a href=\"mailto:info@kutyatarpanzio.hu\">info@kutyatarpanzio.hu<\/a><br \/>\nFacebook, Messenger: <a href=\"https:\/\/www.facebook.com\/kutyatarkozpont\/\" target=\"_blank\" rel=\"noopener nofollow\">https:\/\/www.facebook.com\/kutyatarkozpont\/<\/a>[\/et_pb_blurb][et_pb_blurb title=&#8221;2038 S\u00f3sk\u00fat, B\u00e1stya d\u0171l\u0151 18.&#8221; use_icon=&#8221;on&#8221; font_icon=&#8221;&#xf59f;||fa||900&#8243; icon_placement=&#8221;left&#8221; content_max_width=&#8221;100%&#8221; _builder_version=&#8221;4.17.4&#8243; _module_preset=&#8221;default&#8221; header_font=&#8221;|600|||||||&#8221; hover_enabled=&#8221;0&#8243; global_colors_info=&#8221;{}&#8221; sticky_enabled=&#8221;0&#8243;][\/et_pb_blurb][et_pb_blurb title=&#8221;B\u00edr\u00f3czki Eszter, boarding house manager, teacher&#8221; use_icon=&#8221;on&#8221; font_icon=&#8221;&#xf007;||fa||900&#8243; icon_placement=&#8221;left&#8221; content_max_width=&#8221;100%&#8221; _builder_version=&#8221;4.17.4&#8243; _module_preset=&#8221;default&#8221; header_font=&#8221;|600|||||||&#8221; global_colors_info=&#8221;{}&#8221;]<a href=\"mailto:info@kutyatarpanzio.hu\">info@kutyatarpanzio.hu<\/a><br \/>\n[\/et_pb_blurb][et_pb_blurb title=&#8221;Bokor Nikol, dog beautician&#8221; use_icon=&#8221;on&#8221; font_icon=&#8221;&#xf007;||fa||900&#8243; icon_placement=&#8221;left&#8221; content_max_width=&#8221;100%&#8221; _builder_version=&#8221;4.17.4&#8243; _module_preset=&#8221;default&#8221; header_font=&#8221;|600|||||||&#8221; global_colors_info=&#8221;{}&#8221;]<a href=\"tel:+36202240264\">0620 224 0264<\/a><br \/>\n<a href=\"mailto:pumiparadise@gmail.com\">pumiparadise@gmail.com<\/a><br \/>\n[\/et_pb_blurb][et_pb_blurb title=&#8221;M\u00e1rton Andr\u00e1s, tennis, recreation&#8221; use_icon=&#8221;on&#8221; font_icon=&#8221;&#xf007;||fa||900&#8243; icon_placement=&#8221;left&#8221; content_max_width=&#8221;100%&#8221; _builder_version=&#8221;4.17.4&#8243; _module_preset=&#8221;default&#8221; header_font=&#8221;|600|||||||&#8221; global_colors_info=&#8221;{}&#8221;]<a href=\"tel:+36703618260\">0670 361 8260<\/a><br \/>\n[\/et_pb_blurb][et_pb_text _builder_version=&#8221;4.17.4&#8243; _module_preset=&#8221;default&#8221; header_2_line_height=&#8221;1.4em&#8221; header_4_line_height=&#8221;1.4em&#8221; global_colors_info=&#8221;{}&#8221;]<\/p>\n<h4>Partners:<\/h4>\n<p><a href=\"https:\/\/www.facebook.com\/PetRehab2020\" target=\"_blank\" rel=\"noopener nofollow\"><img loading=\"lazy\" decoding=\"async\" class=\"wp-image-348 alignnone size-full\" style=\"width: 100px; float: left; margin-right: 15px;\" src=\"https:\/\/www.kutyatarpanzio.hu\/wp-content\/uploads\/2022\/07\/petrehab.jpg\" alt=\"\" width=\"296\" height=\"296\" srcset=\"https:\/\/www.kutyatarpanzio.hu\/wp-content\/uploads\/2022\/07\/petrehab.jpg 296w, https:\/\/www.kutyatarpanzio.hu\/wp-content\/uploads\/2022\/07\/petrehab-150x150.jpg 150w\" sizes=\"(max-width: 296px) 100vw, 296px\" \/><\/a> <a href=\"https:\/\/www.facebook.com\/Kutyaneveles.oktatas\" target=\"_blank\" rel=\"noopener nofollow\"><img loading=\"lazy\" decoding=\"async\" class=\"wp-image-347 alignnone size-full\" style=\"width: 100px; float: left; margin-right: 15px;\" src=\"https:\/\/www.kutyatarpanzio.hu\/wp-content\/uploads\/2022\/07\/canicum-anita.jpg\" alt=\"\" width=\"296\" height=\"296\" srcset=\"https:\/\/www.kutyatarpanzio.hu\/wp-content\/uploads\/2022\/07\/canicum-anita.jpg 296w, https:\/\/www.kutyatarpanzio.hu\/wp-content\/uploads\/2022\/07\/canicum-anita-150x150.jpg 150w\" sizes=\"(max-width: 296px) 100vw, 296px\" \/><\/a>[\/et_pb_text][\/et_pb_column][et_pb_column type=&#8221;1_2&#8243; _builder_version=&#8221;4.17.4&#8243; _module_preset=&#8221;default&#8221; background_enable_color=&#8221;off&#8221; global_colors_info=&#8221;{}&#8221;][et_pb_code _builder_version=&#8221;4.17.4&#8243; _module_preset=&#8221;default&#8221; global_colors_info=&#8221;{}&#8221;]\n<div class=\"wpcf7 no-js\" id=\"wpcf7-f507-o1\" lang=\"en-US\" dir=\"ltr\" data-wpcf7-id=\"507\">\n<div class=\"screen-reader-response\"><p role=\"status\" aria-live=\"polite\" aria-atomic=\"true\"><\/p> <ul><\/ul><\/div>\n<form action=\"\/en\/wp-json\/wp\/v2\/pages\/461#wpcf7-f507-o1\" method=\"post\" class=\"wpcf7-form init\" aria-label=\"Contact form\" novalidate=\"novalidate\" data-status=\"init\">\n<fieldset class=\"hidden-fields-container\"><input type=\"hidden\" name=\"_wpcf7\" value=\"507\" \/><input type=\"hidden\" name=\"_wpcf7_version\" value=\"6.1.5\" \/><input type=\"hidden\" name=\"_wpcf7_locale\" value=\"en_US\" \/><input type=\"hidden\" name=\"_wpcf7_unit_tag\" value=\"wpcf7-f507-o1\" \/><input type=\"hidden\" name=\"_wpcf7_container_post\" value=\"0\" \/><input type=\"hidden\" name=\"_wpcf7_posted_data_hash\" value=\"\" \/><input type=\"hidden\" name=\"_wpcf7_recaptcha_response\" value=\"\" \/>\n<\/fieldset>\n<p><label> Name<br \/>\n<span class=\"wpcf7-form-control-wrap\" data-name=\"your-name\"><input size=\"40\" maxlength=\"400\" class=\"wpcf7-form-control wpcf7-text wpcf7-validates-as-required\" aria-required=\"true\" aria-invalid=\"false\" value=\"\" type=\"text\" name=\"your-name\" \/><\/span> <\/label>\n<\/p>\n<p><label> E-mail<br \/>\n<span class=\"wpcf7-form-control-wrap\" data-name=\"your-email\"><input size=\"40\" maxlength=\"400\" class=\"wpcf7-form-control wpcf7-email wpcf7-validates-as-required wpcf7-text wpcf7-validates-as-email\" aria-required=\"true\" aria-invalid=\"false\" value=\"\" type=\"email\" name=\"your-email\" \/><\/span> <\/label>\n<\/p>\n<p><label> Subject<br \/>\n<span class=\"wpcf7-form-control-wrap\" data-name=\"your-subject\"><input size=\"40\" maxlength=\"400\" class=\"wpcf7-form-control wpcf7-text wpcf7-validates-as-required\" aria-required=\"true\" aria-invalid=\"false\" value=\"\" type=\"text\" name=\"your-subject\" \/><\/span> <\/label>\n<\/p>\n<p><label> Message<br \/>\n<span class=\"wpcf7-form-control-wrap\" data-name=\"your-message\"><textarea cols=\"40\" rows=\"10\" maxlength=\"2000\" class=\"wpcf7-form-control wpcf7-textarea\" aria-invalid=\"false\" name=\"your-message\"><\/textarea><\/span> <\/label>\n<\/p>\n<p><input class=\"wpcf7-form-control wpcf7-submit has-spinner\" type=\"submit\" value=\"Send\" \/>\n<\/p><div class=\"wpcf7-response-output\" aria-hidden=\"true\"><\/div>\n<\/form>\n<\/div>\n[\/et_pb_code][\/et_pb_column][\/et_pb_row][\/et_pb_section]<\/p>\n","protected":false},"excerpt":{"rendered":"<p>Contact0670 3618262 info@kutyatarpanzio.hu Facebook, Messenger: https:\/\/www.facebook.com\/kutyatarkozpont\/info@kutyatarpanzio.hu 0620 224 0264 pumiparadise@gmail.com 0670 361 8260 Partners: \n<div class=\"wpcf7 no-js\" id=\"wpcf7-f507-o2\" lang=\"en-US\" dir=\"ltr\" data-wpcf7-id=\"507\">\n<div class=\"screen-reader-response\"><p role=\"status\" aria-live=\"polite\" aria-atomic=\"true\"><\/p> <ul><\/ul><\/div>\n<form action=\"\/en\/wp-json\/wp\/v2\/pages\/461#wpcf7-f507-o2\" method=\"post\" class=\"wpcf7-form init\" aria-label=\"Contact form\" novalidate=\"novalidate\" data-status=\"init\">\n<fieldset class=\"hidden-fields-container\"><input type=\"hidden\" name=\"_wpcf7\" value=\"507\" \/><input type=\"hidden\" name=\"_wpcf7_version\" value=\"6.1.5\" \/><input type=\"hidden\" name=\"_wpcf7_locale\" value=\"en_US\" \/><input type=\"hidden\" name=\"_wpcf7_unit_tag\" value=\"wpcf7-f507-o2\" \/><input type=\"hidden\" name=\"_wpcf7_container_post\" value=\"0\" \/><input type=\"hidden\" name=\"_wpcf7_posted_data_hash\" value=\"\" \/><input type=\"hidden\" name=\"_wpcf7_recaptcha_response\" value=\"\" \/>\n<\/fieldset>\n<p><label> Name<br \/>\n<span class=\"wpcf7-form-control-wrap\" data-name=\"your-name\"><input size=\"40\" maxlength=\"400\" class=\"wpcf7-form-control wpcf7-text wpcf7-validates-as-required\" aria-required=\"true\" aria-invalid=\"false\" value=\"\" type=\"text\" name=\"your-name\" \/><\/span> <\/label>\n<\/p>\n<p><label> E-mail<br \/>\n<span class=\"wpcf7-form-control-wrap\" data-name=\"your-email\"><input size=\"40\" maxlength=\"400\" class=\"wpcf7-form-control wpcf7-email wpcf7-validates-as-required wpcf7-text wpcf7-validates-as-email\" aria-required=\"true\" aria-invalid=\"false\" value=\"\" type=\"email\" name=\"your-email\" \/><\/span> <\/label>\n<\/p>\n<p><label> Subject<br \/>\n<span class=\"wpcf7-form-control-wrap\" data-name=\"your-subject\"><input size=\"40\" maxlength=\"400\" class=\"wpcf7-form-control wpcf7-text wpcf7-validates-as-required\" aria-required=\"true\" aria-invalid=\"false\" value=\"\" type=\"text\" name=\"your-subject\" \/><\/span> <\/label>\n<\/p>\n<p><label> Message<br \/>\n<span class=\"wpcf7-form-control-wrap\" data-name=\"your-message\"><textarea cols=\"40\" rows=\"10\" maxlength=\"2000\" class=\"wpcf7-form-control wpcf7-textarea\" aria-invalid=\"false\" name=\"your-message\"><\/textarea><\/span> <\/label>\n<\/p>\n<p><input class=\"wpcf7-form-control wpcf7-submit has-spinner\" type=\"submit\" value=\"Send\" \/>\n<\/p><div class=\"wpcf7-response-output\" aria-hidden=\"true\"><\/div>\n<\/form>\n<\/div>\n<\/p>\n","protected":false},"author":1,"featured_media":0,"parent":0,"menu_order":0,"comment_status":"closed","ping_status":"closed","template":"","meta":{"_et_pb_use_builder":"on","_et_pb_old_content":"<p>[et_pb_section fb_built=\"1\" admin_label=\"Header\" _builder_version=\"4.17.4\" _module_preset=\"default\" background_color=\"#FCF5ED\" background_enable_image=\"off\" overflow-x=\"hidden\" overflow-y=\"hidden\" custom_padding=\"||20px||false|false\" global_colors_info=\"{}\"][et_pb_row column_structure=\"1_2,1_2\" _builder_version=\"4.17.4\" _module_preset=\"default\" global_colors_info=\"{}\"][et_pb_column type=\"1_2\" _builder_version=\"4.17.4\" _module_preset=\"default\" custom_padding=\"||||false|false\" custom_padding_tablet=\"0px||||false|false\" custom_padding_last_edited=\"off|desktop\" global_colors_info=\"{}\"][et_pb_text _builder_version=\"4.17.4\" _module_preset=\"default\" header_font=\"|600|||||||\" header_line_height=\"1.4em\" global_colors_info=\"{}\"]<\/p><h1>Kapcsolat<\/h1><p>[\/et_pb_text][et_pb_blurb title=\"Nagy Adrienne - szakmai vezet\u0151\" use_icon=\"on\" font_icon=\"\uf007||fa||900\" icon_placement=\"left\" content_max_width=\"100%\" _builder_version=\"4.17.4\" _module_preset=\"default\" header_font=\"|600|||||||\" global_colors_info=\"{}\"]<\/p><p><a href=\"tel:+36703618262\">0670 3618262<\/a><br \/><a href=\"mailto:info@kutyatarpanzio.hu\">info@kutyatarpanzio.hu<\/a><br \/>Fb. Messenger: <a href=\"https:\/\/www.facebook.com\/kutyatarkozpont\/\" target=\"_blank\" rel=\"noopener\">https:\/\/www.facebook.com\/kutyatarkozpont\/<\/a><\/p><p>[\/et_pb_blurb][et_pb_blurb title=\"B\u00edr\u00f3czki Eszter, panzi\u00f3 vezet\u0151, oktat\u00f3\" use_icon=\"on\" font_icon=\"\uf007||fa||900\" icon_placement=\"left\" content_max_width=\"100%\" _builder_version=\"4.17.4\" _module_preset=\"default\" header_font=\"|600|||||||\" global_colors_info=\"{}\"]<\/p><p><a href=\"mailto:info@kutyatarpanzio.hu\">info@kutyatarpanzio.hu<\/a><\/p><p>[\/et_pb_blurb][et_pb_blurb title=\"Bokor Nikol, kutyakozmetikus\" use_icon=\"on\" font_icon=\"\uf007||fa||900\" icon_placement=\"left\" content_max_width=\"100%\" _builder_version=\"4.17.4\" _module_preset=\"default\" header_font=\"|600|||||||\" global_colors_info=\"{}\"]<\/p><p><a href=\"tel:+36202240264\">0620 224 0264<\/a><br \/><a href=\"mailto:pumiparadise@gmail.com\">pumiparadise@gmail.com<\/a><\/p><p>[\/et_pb_blurb][et_pb_blurb title=\"M\u00e1rton Andr\u00e1s, tenisz, rekre\u00e1ci\u00f3\" use_icon=\"on\" font_icon=\"\uf007||fa||900\" icon_placement=\"left\" content_max_width=\"100%\" _builder_version=\"4.17.4\" _module_preset=\"default\" header_font=\"|600|||||||\" global_colors_info=\"{}\"]<\/p><p><a href=\"tel:+36703618260\">0670 361 8260<\/a><\/p><p>[\/et_pb_blurb][et_pb_text _builder_version=\"4.17.4\" _module_preset=\"default\" header_2_line_height=\"1.4em\" header_4_line_height=\"1.4em\" hover_enabled=\"0\" global_colors_info=\"{}\" sticky_enabled=\"0\"]<\/p><h4>Egy\u00fcttm\u0171k\u00f6d\u0151 partnereink:<\/h4><p><a href=\"https:\/\/www.facebook.com\/PetRehab2020\" target=\"_blank\" rel=\"noopener\"><img class=\"wp-image-348 alignnone size-full\" style=\"width: 100px; float: left; margin-right: 15px;\" src=\"https:\/\/www.kutyatarpanzio.hu\/wp-content\/uploads\/2022\/07\/petrehab.jpg\" alt=\"\" width=\"296\" height=\"296\" \/><\/a> <a href=\"https:\/\/www.facebook.com\/Kutyaneveles.oktatas\" target=\"_blank\" rel=\"noopener\"><img class=\"wp-image-347 alignnone size-full\" style=\"width: 100px; float: left; margin-right: 15px;\" src=\"https:\/\/www.kutyatarpanzio.hu\/wp-content\/uploads\/2022\/07\/canicum-anita.jpg\" alt=\"\" width=\"296\" height=\"296\" \/><\/a><\/p><p>[\/et_pb_text][\/et_pb_column][et_pb_column type=\"1_2\" _builder_version=\"4.17.4\" _module_preset=\"default\" background_enable_color=\"off\" global_colors_info=\"{}\"][et_pb_code _builder_version=\"4.17.4\" _module_preset=\"default\" global_colors_info=\"{}\"][contact-form-7 id=\"125\" title=\"Kapcsolat\"][\/et_pb_code][\/et_pb_column][\/et_pb_row][\/et_pb_section]<\/p>","_et_gb_content_width":"","footnotes":""},"class_list":["post-461","page","type-page","status-publish","hentry"],"_links":{"self":[{"href":"https:\/\/www.kutyatarpanzio.hu\/en\/wp-json\/wp\/v2\/pages\/461","targetHints":{"allow":["GET"]}}],"collection":[{"href":"https:\/\/www.kutyatarpanzio.hu\/en\/wp-json\/wp\/v2\/pages"}],"about":[{"href":"https:\/\/www.kutyatarpanzio.hu\/en\/wp-json\/wp\/v2\/types\/page"}],"author":[{"embeddable":true,"href":"https:\/\/www.kutyatarpanzio.hu\/en\/wp-json\/wp\/v2\/users\/1"}],"replies":[{"embeddable":true,"href":"https:\/\/www.kutyatarpanzio.hu\/en\/wp-json\/wp\/v2\/comments?post=461"}],"version-history":[{"count":10,"href":"https:\/\/www.kutyatarpanzio.hu\/en\/wp-json\/wp\/v2\/pages\/461\/revisions"}],"predecessor-version":[{"id":553,"href":"https:\/\/www.kutyatarpanzio.hu\/en\/wp-json\/wp\/v2\/pages\/461\/revisions\/553"}],"wp:attachment":[{"href":"https:\/\/www.kutyatarpanzio.hu\/en\/wp-json\/wp\/v2\/media?parent=461"}],"curies":[{"name":"wp","href":"https:\/\/api.w.org\/{rel}","templated":true}]}}